{"id":17983,"date":"2022-05-17T08:43:43","date_gmt":"2022-05-17T06:43:43","guid":{"rendered":"https:\/\/cvipek.hr\/?page_id=17983"},"modified":"2022-06-10T11:11:15","modified_gmt":"2022-06-10T09:11:15","slug":"cvipek-d-o-o","status":"publish","type":"page","link":"https:\/\/cvipek.hr\/2021\/","title":{"rendered":"Cvipek d.o.o."},"content":{"rendered":"[vc_row gap=&#8221;48&#8243; equal_height=&#8221;yes&#8221; element_id=&#8221;322167&#8243; grid_overlay=&#8221;black&#8221; css=&#8221;.vc_custom_1652785526819{padding-top: 80px !important;padding-bottom: 80px !important;background-color: #fafafa !important;}&#8221;][vc_column width=&#8221;1\/2&#8243;]<h2 class=\"et-heading text-align-left tablet-text-align-inherit mobile-text-align-inherit animate-false no-animation-type\" id=\"et-heading-31229\" data-delay=\"0\" data-mobile-font=\"inherit\" data-mobile-line-height=\"inherit\" data-tablet-landscape-font=\"inherit\" data-tablet-portrait-font=\"inherit\" data-tablet-landscape-line-height=\"inherit\" data-tablet-portrait-line-height=\"inherit\" data-parallax=\"false\" data-move=\"false\" data-coordinatex=\"0\" data-coordinatey=\"0\" data-speed=\"10\"><span class=\"text-wrapper\"><span class=\"text\">Cvipek d.o.o.<\/span><\/span><\/h2><span class=\"et-gap et-clearfix et-gap-252573\"><\/span>[vc_column_text animation_delay=&#8221;0&#8243;]Tvrtka\u00a0<strong>CVIPEK d.o.o.<\/strong>\u00a0osnovana je 1994. godine i od tada neprekidno radi. Na\u0161i proizvodni pogoni nalaze se u Ivani\u0107-Gradu i obuhva\u0107aju pogone za separiranje-klasiranje materijala.<\/p>\n<p>U mogu\u0107nosti smo vam ponuditi sve vrste prirodnog i separiranog \u0161ljunka, agregata za beton i asfalt te gotovog svje\u017eeg betona.<\/p>\n<p>Pored toga, nudimo Vam <strong>usluge prijevoza i ugradnje betona pumpama<\/strong> kao i <strong>usluge svih vrsta zemljanih i gra\u0111evinskih radova<\/strong>.[\/vc_column_text]<span class=\"et-gap et-clearfix et-gap-252573\"><\/span>[\/vc_column][vc_column width=&#8221;1\/2&#8243;]<h2 class=\"et-heading text-align-left tablet-text-align-inherit mobile-text-align-inherit animate-false no-animation-type\" id=\"et-heading-293001\" data-delay=\"0\" data-mobile-font=\"inherit\" data-mobile-line-height=\"inherit\" data-tablet-landscape-font=\"inherit\" data-tablet-portrait-font=\"inherit\" data-tablet-landscape-line-height=\"inherit\" data-tablet-portrait-line-height=\"inherit\" data-parallax=\"false\" data-move=\"false\" data-coordinatex=\"0\" data-coordinatey=\"0\" data-speed=\"10\"><span class=\"text-wrapper\"><span class=\"text\">Usluge<\/span><\/span><\/h2><span class=\"et-gap et-clearfix et-gap-252573\"><\/span><ul id=\"et-icon-list-329316\" class=\"et-icon-list small full\"><li><div class=\"icon-wrap\"><div class=\"icon small\"><span class=\"small fas fa-angle-right\"><\/span><\/div><\/div><div>proizvodnja i prodaja svih vrsta transportnog betona<\/div><\/li><li><div class=\"icon-wrap\"><div class=\"icon small\"><span class=\"small fas fa-angle-right\"><\/span><\/div><\/div><div>izvo\u0111enje svih vrsta radova niskogradnje, kao i ostalih radova u graditeljstvu<\/div><\/li><li><div class=\"icon-wrap\"><div class=\"icon small\"><span class=\"small fas fa-angle-right\"><\/span><\/div><\/div><div>izvo\u0111enje raznih vrsta radova svojim gra\u0111evinskim strojevima<\/div><\/li><li><div class=\"icon-wrap\"><div class=\"icon small\"><span class=\"small fas fa-angle-right\"><\/span><\/div><\/div><div>usluge prijevoza rasutih tereta, paletirane robe, specijalnih tereta<\/div><\/li><li><div class=\"icon-wrap\"><div class=\"icon small\"><span class=\"small fas fa-angle-right\"><\/span><\/div><\/div><div>prodaja gra\u0111evinskog materijala<\/div><\/li><\/ul><span class=\"et-gap et-clearfix et-gap-252573\"><\/span>[\/vc_column][\/vc_row][vc_row full_width=&#8221;stretch_row_content&#8221; gap=&#8221;0&#8243; equal_height=&#8221;yes&#8221; content_placement=&#8221;middle&#8221; element_id=&#8221;37768&#8243; grid_overlay=&#8221;black&#8221;][vc_column animation_delay=&#8221;0&#8243; width=&#8221;1\/2&#8243; element_id=&#8221;741478&#8243; element_css=&#8221;.vc-column-741478 .parallax-container {background-image:url(https:\/\/cvipek.hr\/2021\/wp-content\/uploads\/2022\/05\/graditeljstvo.jpg);}&#8221; parallax=&#8221;true&#8221; crp=&#8221;480:i:i,480-768:i:i,768-1024:i:i,1024-1280:i:i,1280-1366:i:i,1366-1600:i:i,1600-1920:i:i&#8221; parallax_image=&#8221;18051&#8243;][vc_empty_space height=&#8221;550px&#8221;][\/vc_column][vc_column animation_delay=&#8221;0&#8243; width=&#8221;1\/2&#8243; element_id=&#8221;786934&#8243; crp=&#8221;480:5:5,480-768:15:15,768-1024:5:5,1024-1280:i:i,1280-1366:10:10,1366-1600:10:10,1600-1920:10:10&#8243; offset=&#8221;vc_col-xs-12&#8243; el_class=&#8221;icon-box-move-left&#8221;]<span class=\"et-gap et-clearfix et-gap-352379\"><\/span><h2 class=\"et-heading text-align-left tablet-text-align-inherit mobile-text-align-inherit animate-false no-animation-type\" id=\"et-heading-153382\" data-delay=\"0\" data-mobile-font=\"inherit\" data-mobile-line-height=\"inherit\" data-tablet-landscape-font=\"inherit\" data-tablet-portrait-font=\"inherit\" data-tablet-landscape-line-height=\"inherit\" data-tablet-portrait-line-height=\"inherit\" data-parallax=\"false\" data-move=\"false\" data-coordinatex=\"0\" data-coordinatey=\"0\" data-speed=\"10\"><span class=\"text-wrapper\"><span class=\"text\">Graditeljstvo<\/span><\/span><\/h2><span class=\"et-gap et-clearfix et-gap-352379\"><\/span>[vc_column_text animation_delay=&#8221;0&#8243;]Dugogodi\u0161njim radom u segmentu graditeljstva tvrtka cvipek stekla je bogato iskustvo u izvo\u0111enju svih vrsta gra\u0111evinskih radova, posebno u niskogradnji.<\/p>\n<p>Stru\u010dno osposobljavanje djelatnika te neprestano pra\u0107enje trendova osigurava na\u0161im kupcima kvalitetu i sigurnost.[\/vc_column_text]<span class=\"et-gap et-clearfix et-gap-352379\"><\/span>[\/vc_column][\/vc_row][vc_row full_width=&#8221;stretch_row_content&#8221; gap=&#8221;0&#8243; equal_height=&#8221;yes&#8221; content_placement=&#8221;middle&#8221; element_id=&#8221;823922&#8243; grid_overlay=&#8221;black&#8221;][vc_column animation_delay=&#8221;0&#8243; width=&#8221;1\/2&#8243; element_id=&#8221;648226&#8243; crp=&#8221;480:5:5,480-768:15:15,768-1024:5:5,1024-1280:i:i,1280-1366:10:10,1366-1600:10:10,1600-1920:10:10&#8243; offset=&#8221;vc_col-xs-12&#8243;]<span class=\"et-gap et-clearfix et-gap-352379\"><\/span><h2 class=\"et-heading text-align-left tablet-text-align-inherit mobile-text-align-inherit animate-false no-animation-type\" id=\"et-heading-382343\" data-delay=\"0\" data-mobile-font=\"inherit\" data-mobile-line-height=\"inherit\" data-tablet-landscape-font=\"inherit\" data-tablet-portrait-font=\"inherit\" data-tablet-landscape-line-height=\"inherit\" data-tablet-portrait-line-height=\"inherit\" data-parallax=\"false\" data-move=\"false\" data-coordinatex=\"0\" data-coordinatey=\"0\" data-speed=\"10\"><span class=\"text-wrapper\"><span class=\"text\">Betonara<\/span><\/span><\/h2><span class=\"et-gap et-clearfix et-gap-352379\"><\/span>[vc_column_text animation_delay=&#8221;0&#8243;]<strong>Cvipek d.o.o.<\/strong><em> proizvodi i prodaje sve vrste transportnog\u00a0 betona.<\/em> Beton se proizvodi suvremenim kompjuterski upravljanim postrojenjem ORU kapaciteta 60 m\u00b3\/h.<\/p>\n<p>Za proizvodnju betona posjedujemo certifikat tvorni\u010dke proizvodnje prema HRN EN 206- 1 certificirana betonara od 2007 g.<\/p>\n<p><strong>Za dostavu i ugradnju betona posjedujemo:<\/strong>[\/vc_column_text]<span class=\"et-gap et-clearfix et-gap-352379\"><\/span><ul id=\"et-icon-list-658169\" class=\"et-icon-list small full\"><li><div class=\"icon-wrap\"><div class=\"icon small\"><span class=\"small fas fa-angle-right\"><\/span><\/div><\/div><div>automje\u0161alice 9 m\u00b3 i 6m\u00b3<\/div><\/li><li><div class=\"icon-wrap\"><div class=\"icon small\"><span class=\"small fas fa-angle-right\"><\/span><\/div><\/div><div>autopumpe<\/div><\/li><\/ul><span class=\"et-gap et-clearfix et-gap-352379\"><\/span>[\/vc_column][vc_column animation_delay=&#8221;0&#8243; width=&#8221;1\/2&#8243; element_id=&#8221;988425&#8243; element_css=&#8221;.vc-column-988425 .parallax-container {background-image:url(https:\/\/cvipek.hr\/2021\/wp-content\/uploads\/2022\/05\/beton_zid.jpg);}&#8221; parallax=&#8221;true&#8221; crp=&#8221;480:5:5,480-768:15:15,768-1024:5:5,1024-1280:i:i,1280-1366:10:10,1366-1600:10:10,1600-1920:10:10&#8243; offset=&#8221;vc_col-xs-12&#8243; el_class=&#8221;icon-box-move-left&#8221; parallax_image=&#8221;18023&#8243;][vc_empty_space height=&#8221;550px&#8221;][\/vc_column][\/vc_row][vc_row full_width=&#8221;stretch_row_content&#8221; gap=&#8221;0&#8243; equal_height=&#8221;yes&#8221; content_placement=&#8221;middle&#8221; element_id=&#8221;918956&#8243; grid_overlay=&#8221;black&#8221;][vc_column animation_delay=&#8221;0&#8243; width=&#8221;1\/2&#8243; element_id=&#8221;945896&#8243; element_css=&#8221;.vc-column-945896 .parallax-container {background-image:url(https:\/\/cvipek.hr\/2021\/wp-content\/uploads\/2022\/05\/specijalni_transporti_3.jpg);}&#8221; parallax=&#8221;true&#8221; crp=&#8221;480:i:i,480-768:i:i,768-1024:i:i,1024-1280:i:i,1280-1366:i:i,1366-1600:i:i,1600-1920:i:i&#8221; parallax_image=&#8221;18035&#8243;][vc_empty_space height=&#8221;550px&#8221;][\/vc_column][vc_column animation_delay=&#8221;0&#8243; width=&#8221;1\/2&#8243; element_id=&#8221;786934&#8243; crp=&#8221;480:5:5,480-768:15:15,768-1024:5:5,1024-1280:i:i,1280-1366:10:10,1366-1600:10:10,1600-1920:10:10&#8243; offset=&#8221;vc_col-xs-12&#8243; el_class=&#8221;icon-box-move-left&#8221;]<span class=\"et-gap et-clearfix et-gap-352379\"><\/span><h2 class=\"et-heading text-align-left tablet-text-align-inherit mobile-text-align-inherit animate-false no-animation-type\" id=\"et-heading-227736\" data-delay=\"0\" data-mobile-font=\"inherit\" data-mobile-line-height=\"inherit\" data-tablet-landscape-font=\"inherit\" data-tablet-portrait-font=\"inherit\" data-tablet-landscape-line-height=\"inherit\" data-tablet-portrait-line-height=\"inherit\" data-parallax=\"false\" data-move=\"false\" data-coordinatex=\"0\" data-coordinatey=\"0\" data-speed=\"10\"><span class=\"text-wrapper\"><span class=\"text\">Transporti<\/span><\/span><\/h2><span class=\"et-gap et-clearfix et-gap-352379\"><\/span>[vc_column_text animation_delay=&#8221;0&#8243;]<strong>Cvipek d.o.o. ima dugogodi\u0161nje iskustvo u kamionskom prijevozu rasutih, gabaritnih i vangabaritnih tereta.<\/strong><\/p>\n<p>Uz uslugu prijevoza pru\u017eamo usluge utovara\u00a0 i istovara, te u sklopu na\u0161e ponude rje\u0161avamo dozvole za specijalni transport.[\/vc_column_text]<span class=\"et-gap et-clearfix et-gap-352379\"><\/span>[\/vc_column][\/vc_row][vc_row full_width=&#8221;stretch_row_content&#8221; gap=&#8221;0&#8243; equal_height=&#8221;yes&#8221; content_placement=&#8221;middle&#8221; element_id=&#8221;381608&#8243; grid_overlay=&#8221;black&#8221;][vc_column animation_delay=&#8221;0&#8243; width=&#8221;1\/2&#8243; element_id=&#8221;648226&#8243; crp=&#8221;480:5:5,480-768:15:15,768-1024:5:5,1024-1280:i:i,1280-1366:10:10,1366-1600:10:10,1600-1920:10:10&#8243; offset=&#8221;vc_col-xs-12&#8243;]<span class=\"et-gap et-clearfix et-gap-352379\"><\/span><h2 class=\"et-heading text-align-left tablet-text-align-inherit mobile-text-align-inherit animate-false no-animation-type\" id=\"et-heading-560979\" data-delay=\"0\" data-mobile-font=\"inherit\" data-mobile-line-height=\"inherit\" data-tablet-landscape-font=\"inherit\" data-tablet-portrait-font=\"inherit\" data-tablet-landscape-line-height=\"inherit\" data-tablet-portrait-line-height=\"inherit\" data-parallax=\"false\" data-move=\"false\" data-coordinatex=\"0\" data-coordinatey=\"0\" data-speed=\"10\"><span class=\"text-wrapper\"><span class=\"text\">Recikla\u017eno dvori\u0161te<br \/>\ngra\u0111evinskog otpada<\/span><\/span><\/h2><span class=\"et-gap et-clearfix et-gap-352379\"><\/span>[vc_column_text animation_delay=&#8221;0&#8243;]<strong>U postupku smo otvaranja Recikla\u017enog dvori\u0161ta gra\u0111evinskog otpada na vlastitoj nekretnini u Ivani\u0107-Gradu.<\/strong><\/p>\n<p>Otvaranjem recikla\u017enog dvori\u0161ta za sve na\u0161e korisnike biti \u0107e cjelovito i konkretno rje\u0161enje u zbrinjavanju gra\u0111evinskog otpada na podru\u010dju Grada Ivani\u0107-Grada, gdje \u0107e se gra\u0111evinski otpad prikupljati, oporabiti, odnosno reciklirati i ponovo upotrijebiti u gra\u0111evinskoj, komunalnoj i krajobraznoj djelatnosti.<\/p>\n<p><strong>U recikla\u017enom dvori\u0161tu gra\u0111evinskog otpada biti \u0107e mogu\u0107e zbrinjavanje, odlaganje, drobljenje, razvrstavanje i recikliranje gra\u0111evinskog isklju\u010divo neopasnog otpada.<\/strong>[\/vc_column_text]<span class=\"et-gap et-clearfix et-gap-352379\"><\/span>[\/vc_column][vc_column animation_delay=&#8221;0&#8243; width=&#8221;1\/2&#8243; element_id=&#8221;491261&#8243; element_css=&#8221;.vc-column-491261 .parallax-container {background-image:url(https:\/\/cvipek.hr\/2021\/wp-content\/uploads\/2022\/05\/extec_mobile_crusher.jpg);}&#8221; parallax=&#8221;true&#8221; crp=&#8221;480:5:5,480-768:15:15,768-1024:5:5,1024-1280:i:i,1280-1366:10:10,1366-1600:10:10,1600-1920:10:10&#8243; offset=&#8221;vc_col-xs-12&#8243; el_class=&#8221;icon-box-move-left&#8221; parallax_image=&#8221;18039&#8243;][vc_empty_space height=&#8221;550px&#8221;][\/vc_column][\/vc_row]\n","protected":false},"excerpt":{"rendered":"<p>[vc_row gap=&#8221;48&#8243; equal_height=&#8221;yes&#8221; element_id=&#8221;322167&#8243; grid_overlay=&#8221;black&#8221; css=&#8221;.vc_custom_1652785526819{padding-top: 80px !important;padding-bottom: 80px !important;background-color: #fafafa !important;}&#8221;][vc_column width=&#8221;1\/2&#8243;][vc_column_text animation_delay=&#8221;0&#8243;]Tvrtka\u00a0CVIPEK d.o.o.\u00a0osnovana je 1994. godine i od tada neprekidno radi. Na\u0161i proizvodni pogoni nalaze se u Ivani\u0107-Gradu i obuhva\u0107aju pogone za separiranje-klasiranje materijala. U mogu\u0107nosti smo vam ponuditi sve vrste prirodnog i separiranog \u0161ljunka, agregata za beton i asfalt te gotovog svje\u017eeg [&hellip;]<\/p>\n","protected":false},"author":1,"featured_media":0,"parent":0,"menu_order":0,"comment_status":"closed","ping_status":"closed","template":"page-vc.php","meta":{"footnotes":""},"class_list":["post-17983","page","type-page","status-publish","hentry"],"_links":{"self":[{"href":"https:\/\/cvipek.hr\/2021\/wp-json\/wp\/v2\/pages\/17983","targetHints":{"allow":["GET"]}}],"collection":[{"href":"https:\/\/cvipek.hr\/2021\/wp-json\/wp\/v2\/pages"}],"about":[{"href":"https:\/\/cvipek.hr\/2021\/wp-json\/wp\/v2\/types\/page"}],"author":[{"embeddable":true,"href":"https:\/\/cvipek.hr\/2021\/wp-json\/wp\/v2\/users\/1"}],"replies":[{"embeddable":true,"href":"https:\/\/cvipek.hr\/2021\/wp-json\/wp\/v2\/comments?post=17983"}],"version-history":[{"count":68,"href":"https:\/\/cvipek.hr\/2021\/wp-json\/wp\/v2\/pages\/17983\/revisions"}],"predecessor-version":[{"id":18195,"href":"https:\/\/cvipek.hr\/2021\/wp-json\/wp\/v2\/pages\/17983\/revisions\/18195"}],"wp:attachment":[{"href":"https:\/\/cvipek.hr\/2021\/wp-json\/wp\/v2\/media?parent=17983"}],"curies":[{"name":"wp","href":"https:\/\/api.w.org\/{rel}","templated":true}]}}