{"id":18053,"date":"2022-05-17T14:18:38","date_gmt":"2022-05-17T12:18:38","guid":{"rendered":"https:\/\/cvipek.hr\/?page_id=18053"},"modified":"2022-05-17T18:46:35","modified_gmt":"2022-05-17T16:46:35","slug":"kontakt","status":"publish","type":"page","link":"https:\/\/cvipek.hr\/2021\/kontakt\/","title":{"rendered":"Kontakt"},"content":{"rendered":"[vc_row gap=&#8221;48&#8243; equal_height=&#8221;yes&#8221; element_id=&#8221;55262&#8243; element_css=&#8221;.vc-row-672429 .top-gradient {background:linear-gradient(to bottom, #fafafa 0%,rgba(255,255,255,0) 100%);}&#8221; css=&#8221;.vc_custom_1652790564362{padding-top: 80px !important;padding-bottom: 80px !important;}&#8221; gradient_color=&#8221;#fafafa&#8221;][vc_column animation_delay=&#8221;0&#8243; shadow=&#8221;true&#8221; width=&#8221;1\/2&#8243; element_id=&#8221;319589&#8243; css=&#8221;.vc_custom_1652791519144{padding: 35px !important;background-color: #ffffff !important;border-radius: 20px !important;}&#8221; crp=&#8221;480:i:i,480-768:i:i,768-1024:i:i,1024-1280:i:i,1280-1366:i:i,1366-1600:i:i,1600-1920:i:i&#8221;]<h2 class=\"et-heading text-align-left tablet-text-align-inherit mobile-text-align-inherit animate-false no-animation-type\" id=\"et-heading-156240\" data-delay=\"0\" data-mobile-font=\"inherit\" data-mobile-line-height=\"inherit\" data-tablet-landscape-font=\"inherit\" data-tablet-portrait-font=\"inherit\" data-tablet-landscape-line-height=\"inherit\" data-tablet-portrait-line-height=\"inherit\" data-parallax=\"false\" data-move=\"false\" data-coordinatex=\"0\" data-coordinatey=\"0\" data-speed=\"10\"><span class=\"text-wrapper\"><span class=\"text\">Kontakt obrazac<\/span><\/span><\/h2><span class=\"et-gap et-clearfix et-gap-252573\"><\/span><div class=\"wpforms-container wpforms-container-full\" id=\"wpforms-18056\"><form id=\"wpforms-form-18056\" class=\"wpforms-validate wpforms-form wpforms-ajax-form\" data-formid=\"18056\" method=\"post\" enctype=\"multipart\/form-data\" action=\"\/2021\/wp-json\/wp\/v2\/pages\/18053\" data-token=\"32525950fd9473eabe430ef6c16cb37a\"><noscript class=\"wpforms-error-noscript\">Please enable JavaScript in your browser to complete this form.<\/noscript><div class=\"wpforms-field-container\"><div id=\"wpforms-18056-field_0-container\" class=\"wpforms-field wpforms-field-name\" data-field-id=\"0\"><label class=\"wpforms-field-label\" for=\"wpforms-18056-field_0\">Ime i prezime <span class=\"wpforms-required-label\">*<\/span><\/label><input type=\"text\" id=\"wpforms-18056-field_0\" class=\"wpforms-field-medium wpforms-field-required\" name=\"wpforms[fields][0]\" required><\/div><div id=\"wpforms-18056-field_1-container\" class=\"wpforms-field wpforms-field-email\" data-field-id=\"1\"><label class=\"wpforms-field-label\" for=\"wpforms-18056-field_1\">E-mail <span class=\"wpforms-required-label\">*<\/span><\/label><input type=\"email\" id=\"wpforms-18056-field_1\" class=\"wpforms-field-medium wpforms-field-required\" name=\"wpforms[fields][1]\" spellcheck=\"false\" required><\/div><div id=\"wpforms-18056-field_4-container\" class=\"wpforms-field wpforms-field-text\" data-field-id=\"4\"><label class=\"wpforms-field-label\" for=\"wpforms-18056-field_4\">Tvrtka<\/label><input type=\"text\" id=\"wpforms-18056-field_4\" class=\"wpforms-field-medium\" name=\"wpforms[fields][4]\" ><\/div><div id=\"wpforms-18056-field_3-container\" class=\"wpforms-field wpforms-field-text\" data-field-id=\"3\"><label class=\"wpforms-field-label\" for=\"wpforms-18056-field_3\">Kontakt telefon <span class=\"wpforms-required-label\">*<\/span><\/label><input type=\"text\" id=\"wpforms-18056-field_3\" class=\"wpforms-field-medium wpforms-field-required\" name=\"wpforms[fields][3]\" placeholder=\"+xxx xxx xxx\" required><\/div><div id=\"wpforms-18056-field_2-container\" class=\"wpforms-field wpforms-field-textarea\" data-field-id=\"2\"><label class=\"wpforms-field-label\" for=\"wpforms-18056-field_2\">Va\u0161 upit <span class=\"wpforms-required-label\">*<\/span><\/label><textarea id=\"wpforms-18056-field_2\" class=\"wpforms-field-medium wpforms-field-required\" name=\"wpforms[fields][2]\" required><\/textarea><\/div><\/div><!-- .wpforms-field-container --><div class=\"wpforms-submit-container\" ><input type=\"hidden\" name=\"wpforms[id]\" value=\"18056\"><input type=\"hidden\" name=\"wpforms[author]\" value=\"1\"><button type=\"submit\" name=\"wpforms[submit]\" id=\"wpforms-submit-18056\" class=\"wpforms-submit\" data-alt-text=\"Slanje...\" data-submit-text=\"Po\u0161alji\" aria-live=\"assertive\" value=\"wpforms-submit\">Po\u0161alji<\/button><img loading=\"lazy\" decoding=\"async\" src=\"https:\/\/cvipek.hr\/2021\/wp-content\/plugins\/wpforms-lite\/assets\/images\/submit-spin.svg\" class=\"wpforms-submit-spinner\" style=\"display: none;\" width=\"26\" height=\"26\" alt=\"Loading\"><\/div><\/form><\/div>  <!-- .wpforms-container --><span class=\"et-gap et-clearfix et-gap-252573\"><\/span>[\/vc_column][vc_column width=&#8221;1\/2&#8243;][vc_single_image image=&#8221;17867&#8243; img_size=&#8221;380&#215;380&#8243; alignment=&#8221;center&#8221; style=&#8221;vc_box_outline_circle_2&#8243; css_animation=&#8221;top-to-bottom&#8221;]<span class=\"et-gap et-clearfix et-gap-252573\"><\/span>[vc_separator]<span class=\"et-gap et-clearfix et-gap-252573\"><\/span>[vc_column_text animation_delay=&#8221;0&#8243;]\n<p style=\"text-align: center;\"><strong>Cvipek d.o.o.<\/strong> za trgovinu, uvoz-izvoz, gra\u0111evinarstvo<br \/>\ntransport,ugostiteljstvo i proizvodnju<\/p>\n<p style=\"text-align: center;\">Upisan u Sudski registar Trgova\u010dkog suda u Zagrebu rje\u0161enjem<br \/>\nbr.:Tt-95\/17544-02 od 16.01.1997. <strong>MBS:<\/strong> 080119911<br \/>\nTemeljni kapital u iznosu 19.000,00 kn upla\u0107en u cijelosti<br \/>\n<strong>Osniva\u010d i vlasnik:<\/strong> Ranko Cvijanovi\u0107<br \/>\n<strong>Direktor:<\/strong> Ivica Spori\u0161<\/p>\n[\/vc_column_text]<span class=\"et-gap et-clearfix et-gap-252573\"><\/span>[vc_row_inner][vc_column_inner width=&#8221;1\/2&#8243;][vc_column_text animation_delay=&#8221;0&#8243;]\n<p style=\"text-align: center;\"><strong>Ivica Spori\u0161\u00a0ing.el.<\/strong><br \/>\n<em>direktor<\/em><\/p>\n<p style=\"text-align: center;\">ivica.sporis@cvipek.hr<\/p>\n[\/vc_column_text][\/vc_column_inner][vc_column_inner width=&#8221;1\/2&#8243;][vc_column_text animation_delay=&#8221;0&#8243;]\n<p style=\"text-align: center;\"><strong>Sini\u0161a Cvijanovi\u0107\u00a0ing.gra\u0111.<\/strong><br \/>\n<em>tehni\u010dki direktor<\/em><\/p>\n<p style=\"text-align: center;\">sinisa.cvijanovic@cvipek.hr<\/p>\n[\/vc_column_text][\/vc_column_inner][\/vc_row_inner]<span class=\"et-gap et-clearfix et-gap-252573\"><\/span>[\/vc_column][\/vc_row]\n","protected":false},"excerpt":{"rendered":"<p>[vc_row gap=&#8221;48&#8243; equal_height=&#8221;yes&#8221; element_id=&#8221;55262&#8243; element_css=&#8221;.vc-row-672429 .top-gradient {background:linear-gradient(to bottom, #fafafa 0%,rgba(255,255,255,0) 100%);}&#8221; css=&#8221;.vc_custom_1652790564362{padding-top: 80px !important;padding-bottom: 80px !important;}&#8221; gradient_color=&#8221;#fafafa&#8221;][vc_column animation_delay=&#8221;0&#8243; shadow=&#8221;true&#8221; width=&#8221;1\/2&#8243; element_id=&#8221;319589&#8243; css=&#8221;.vc_custom_1652791519144{padding: 35px !important;background-color: #ffffff !important;border-radius: 20px !important;}&#8221; crp=&#8221;480:i:i,480-768:i:i,768-1024:i:i,1024-1280:i:i,1280-1366:i:i,1366-1600:i:i,1600-1920:i:i&#8221;][\/vc_column][vc_column width=&#8221;1\/2&#8243;][vc_single_image image=&#8221;17867&#8243; img_size=&#8221;380&#215;380&#8243; alignment=&#8221;center&#8221; style=&#8221;vc_box_outline_circle_2&#8243; css_animation=&#8221;top-to-bottom&#8221;][vc_separator][vc_column_text animation_delay=&#8221;0&#8243;] Cvipek d.o.o. za trgovinu, uvoz-izvoz, gra\u0111evinarstvo transport,ugostiteljstvo i proizvodnju Upisan u Sudski registar Trgova\u010dkog suda u Zagrebu rje\u0161enjem br.:Tt-95\/17544-02 [&hellip;]<\/p>\n","protected":false},"author":1,"featured_media":0,"parent":0,"menu_order":0,"comment_status":"closed","ping_status":"closed","template":"page-vc.php","meta":{"footnotes":""},"class_list":["post-18053","page","type-page","status-publish","hentry"],"_links":{"self":[{"href":"https:\/\/cvipek.hr\/2021\/wp-json\/wp\/v2\/pages\/18053","targetHints":{"allow":["GET"]}}],"collection":[{"href":"https:\/\/cvipek.hr\/2021\/wp-json\/wp\/v2\/pages"}],"about":[{"href":"https:\/\/cvipek.hr\/2021\/wp-json\/wp\/v2\/types\/page"}],"author":[{"embeddable":true,"href":"https:\/\/cvipek.hr\/2021\/wp-json\/wp\/v2\/users\/1"}],"replies":[{"embeddable":true,"href":"https:\/\/cvipek.hr\/2021\/wp-json\/wp\/v2\/comments?post=18053"}],"version-history":[{"count":23,"href":"https:\/\/cvipek.hr\/2021\/wp-json\/wp\/v2\/pages\/18053\/revisions"}],"predecessor-version":[{"id":18144,"href":"https:\/\/cvipek.hr\/2021\/wp-json\/wp\/v2\/pages\/18053\/revisions\/18144"}],"wp:attachment":[{"href":"https:\/\/cvipek.hr\/2021\/wp-json\/wp\/v2\/media?parent=18053"}],"curies":[{"name":"wp","href":"https:\/\/api.w.org\/{rel}","templated":true}]}}