{"id":18136,"date":"2022-05-17T18:37:52","date_gmt":"2022-05-17T16:37:52","guid":{"rendered":"https:\/\/cvipek.hr\/?page_id=18136"},"modified":"2022-05-17T18:59:41","modified_gmt":"2022-05-17T16:59:41","slug":"reciklazno-dvoriste-gradevinskog-otpada","status":"publish","type":"page","link":"https:\/\/cvipek.hr\/2021\/reciklazno-dvoriste-gradevinskog-otpada\/","title":{"rendered":"Recikla\u017eno dvori\u0161te gra\u0111evinskog otpada"},"content":{"rendered":"[vc_row gap=&#8221;56&#8243; equal_height=&#8221;yes&#8221; content_placement=&#8221;middle&#8221; element_id=&#8221;557098&#8243; grid_overlay=&#8221;black&#8221; css=&#8221;.vc_custom_1652806780064{padding-top: 80px !important;padding-bottom: 80px !important;}&#8221;][vc_column width=&#8221;1\/2&#8243;]<h2 class=\"et-heading text-align-left tablet-text-align-inherit mobile-text-align-inherit animate-false no-animation-type\" id=\"et-heading-686699\" data-delay=\"0\" data-mobile-font=\"inherit\" data-mobile-line-height=\"inherit\" data-tablet-landscape-font=\"inherit\" data-tablet-portrait-font=\"inherit\" data-tablet-landscape-line-height=\"inherit\" data-tablet-portrait-line-height=\"inherit\" data-parallax=\"false\" data-move=\"false\" data-coordinatex=\"0\" data-coordinatey=\"0\" data-speed=\"10\"><span class=\"text-wrapper\"><span class=\"text\">Recikla\u017eno dvori\u0161te<br \/>\ngra\u0111evinskog otpada<\/span><\/span><\/h2><span class=\"et-gap et-clearfix et-gap-352379\"><\/span>[vc_column_text animation_delay=&#8221;0&#8243;]<strong>U postupku smo otvaranja Recikla\u017enog dvori\u0161ta gra\u0111evinskog otpada<\/strong> na vlastitoj nekretnini k.\u010d.br. 3901\/1 i 3906-dio k.o Ivani\u0107-Grad,koje je smje\u0161teno u Industrijskoj zoni Ivani\u0107-Grada, Vu\u010dakove\u010dka ulica 18.,te je javnom cestom povezano sa gradskim prometnica, \u0161to mu osigurava dostupnost sa svih gradskih podru\u010dja.<\/p>\n<p>Otvaranjem recikla\u017enog dvori\u0161ta za sve na\u0161e korisnike biti \u0107e cjelovito i konkretno rje\u0161enje u zbrinjavanju gra\u0111evinskog otpada na podru\u010dju Grada Ivani\u0107-Grada, gdje \u0107e se gra\u0111evinski otpad prikupljati, oporabiti, odnosno reciklirati i ponovo upotrijebiti u gra\u0111evinskoj, komunalnoj i krajobraznoj djelatnosti.<\/p>\n<p><strong>Povr\u0161ina na kojoj je ustrojeno recikla\u017eno dvori\u0161te iznosi cca 4.000 m2.<\/strong> Ukupan godi\u0161nji kapacitet prihvata i oporabe otpada u recikla\u017enom dvori\u0161tu je promjenjiv i direktno ovisi o broju godi\u0161njih ciklusa i svekolikoj gra\u0111evinskoj aktivnosti na \u0161irem podru\u010dju.<\/p>\n<p><strong>U na\u0161em recikla\u017enom dvori\u0161tu gra\u0111evinskog otpada biti \u0107e mogu\u0107e zbrinjavanje, odlaganje, drobljenje, razvrstavanje i recikliranje gra\u0111evinskog isklju\u010divo neopasnog otpada.<\/strong>[\/vc_column_text]<span class=\"et-gap et-clearfix et-gap-352379\"><\/span>[\/vc_column][vc_column width=&#8221;1\/2&#8243;][vc_single_image image=&#8221;17867&#8243; img_size=&#8221;500&#215;500&#8243; alignment=&#8221;center&#8221; style=&#8221;vc_box_outline_circle_2&#8243; css_animation=&#8221;top-to-bottom&#8221;]<span class=\"et-gap et-clearfix et-gap-352379\"><\/span>[\/vc_column][\/vc_row]\n","protected":false},"excerpt":{"rendered":"<p>[vc_row gap=&#8221;56&#8243; equal_height=&#8221;yes&#8221; content_placement=&#8221;middle&#8221; element_id=&#8221;557098&#8243; grid_overlay=&#8221;black&#8221; css=&#8221;.vc_custom_1652806780064{padding-top: 80px !important;padding-bottom: 80px !important;}&#8221;][vc_column width=&#8221;1\/2&#8243;][vc_column_text animation_delay=&#8221;0&#8243;]U postupku smo otvaranja Recikla\u017enog dvori\u0161ta gra\u0111evinskog otpada na vlastitoj nekretnini k.\u010d.br. 3901\/1 i 3906-dio k.o Ivani\u0107-Grad,koje je smje\u0161teno u Industrijskoj zoni Ivani\u0107-Grada, Vu\u010dakove\u010dka ulica 18.,te je javnom cestom povezano sa gradskim prometnica, \u0161to mu osigurava dostupnost sa svih gradskih podru\u010dja. Otvaranjem recikla\u017enog [&hellip;]<\/p>\n","protected":false},"author":1,"featured_media":0,"parent":0,"menu_order":0,"comment_status":"closed","ping_status":"closed","template":"page-vc.php","meta":{"footnotes":""},"class_list":["post-18136","page","type-page","status-publish","hentry"],"_links":{"self":[{"href":"https:\/\/cvipek.hr\/2021\/wp-json\/wp\/v2\/pages\/18136","targetHints":{"allow":["GET"]}}],"collection":[{"href":"https:\/\/cvipek.hr\/2021\/wp-json\/wp\/v2\/pages"}],"about":[{"href":"https:\/\/cvipek.hr\/2021\/wp-json\/wp\/v2\/types\/page"}],"author":[{"embeddable":true,"href":"https:\/\/cvipek.hr\/2021\/wp-json\/wp\/v2\/users\/1"}],"replies":[{"embeddable":true,"href":"https:\/\/cvipek.hr\/2021\/wp-json\/wp\/v2\/comments?post=18136"}],"version-history":[{"count":5,"href":"https:\/\/cvipek.hr\/2021\/wp-json\/wp\/v2\/pages\/18136\/revisions"}],"predecessor-version":[{"id":18150,"href":"https:\/\/cvipek.hr\/2021\/wp-json\/wp\/v2\/pages\/18136\/revisions\/18150"}],"wp:attachment":[{"href":"https:\/\/cvipek.hr\/2021\/wp-json\/wp\/v2\/media?parent=18136"}],"curies":[{"name":"wp","href":"https:\/\/api.w.org\/{rel}","templated":true}]}}