{"id":18170,"date":"2022-06-10T10:47:28","date_gmt":"2022-06-10T08:47:28","guid":{"rendered":"https:\/\/cvipek.hr\/?page_id=18170"},"modified":"2022-06-10T11:09:29","modified_gmt":"2022-06-10T09:09:29","slug":"graditeljstvo","status":"publish","type":"page","link":"https:\/\/cvipek.hr\/2021\/graditeljstvo\/","title":{"rendered":"Graditeljstvo"},"content":{"rendered":"[vc_row gap=&#8221;0&#8243; equal_height=&#8221;yes&#8221; content_placement=&#8221;middle&#8221; element_id=&#8221;642741&#8243; css=&#8221;.vc_custom_1654852167996{margin-top: 80px !important;margin-bottom: 80px !important;}&#8221;][vc_column animation_delay=&#8221;0&#8243; width=&#8221;1\/2&#8243; element_id=&#8221;741478&#8243; element_css=&#8221;.vc-column-741478 .parallax-container {background-image:url(https:\/\/cvipek.hr\/2021\/wp-content\/uploads\/2022\/05\/graditeljstvo.jpg);}&#8221; parallax=&#8221;true&#8221; crp=&#8221;480:i:i,480-768:i:i,768-1024:i:i,1024-1280:i:i,1280-1366:i:i,1366-1600:i:i,1600-1920:i:i&#8221; parallax_image=&#8221;18051&#8243;][vc_empty_space height=&#8221;550px&#8221;][\/vc_column][vc_column animation_delay=&#8221;0&#8243; width=&#8221;1\/2&#8243; element_id=&#8221;786934&#8243; crp=&#8221;480:5:5,480-768:15:15,768-1024:5:5,1024-1280:i:i,1280-1366:10:10,1366-1600:10:10,1600-1920:10:10&#8243; offset=&#8221;vc_col-xs-12&#8243; el_class=&#8221;icon-box-move-left&#8221;]<span class=\"et-gap et-clearfix et-gap-352379\"><\/span><h2 class=\"et-heading text-align-left tablet-text-align-inherit mobile-text-align-inherit animate-false no-animation-type\" id=\"et-heading-153382\" data-delay=\"0\" data-mobile-font=\"inherit\" data-mobile-line-height=\"inherit\" data-tablet-landscape-font=\"inherit\" data-tablet-portrait-font=\"inherit\" data-tablet-landscape-line-height=\"inherit\" data-tablet-portrait-line-height=\"inherit\" data-parallax=\"false\" data-move=\"false\" data-coordinatex=\"0\" data-coordinatey=\"0\" data-speed=\"10\"><span class=\"text-wrapper\"><span class=\"text\">Graditeljstvo<\/span><\/span><\/h2><span class=\"et-gap et-clearfix et-gap-352379\"><\/span>[vc_column_text animation_delay=&#8221;0&#8243;]Dugogodi\u0161njim radom u segmentu graditeljstva tvrtka cvipek stekla je bogato iskustvo u izvo\u0111enju svih vrsta gra\u0111evinskih radova, posebno u niskogradnji.<\/p>\n<p>Stru\u010dno osposobljavanje djelatnika te neprestano pra\u0107enje trendova osigurava na\u0161im kupcima kvalitetu i sigurnost.[\/vc_column_text]<span class=\"et-gap et-clearfix et-gap-352379\"><\/span>[\/vc_column][\/vc_row]\n","protected":false},"excerpt":{"rendered":"<p>[vc_row gap=&#8221;0&#8243; equal_height=&#8221;yes&#8221; content_placement=&#8221;middle&#8221; element_id=&#8221;642741&#8243; css=&#8221;.vc_custom_1654852167996{margin-top: 80px !important;margin-bottom: 80px !important;}&#8221;][vc_column animation_delay=&#8221;0&#8243; width=&#8221;1\/2&#8243; element_id=&#8221;741478&#8243; element_css=&#8221;.vc-column-741478 .parallax-container {background-image:url(https:\/\/cvipek.hr\/2021\/wp-content\/uploads\/2022\/05\/graditeljstvo.jpg);}&#8221; parallax=&#8221;true&#8221; crp=&#8221;480:i:i,480-768:i:i,768-1024:i:i,1024-1280:i:i,1280-1366:i:i,1366-1600:i:i,1600-1920:i:i&#8221; parallax_image=&#8221;18051&#8243;][vc_empty_space height=&#8221;550px&#8221;][\/vc_column][vc_column animation_delay=&#8221;0&#8243; width=&#8221;1\/2&#8243; element_id=&#8221;786934&#8243; crp=&#8221;480:5:5,480-768:15:15,768-1024:5:5,1024-1280:i:i,1280-1366:10:10,1366-1600:10:10,1600-1920:10:10&#8243; offset=&#8221;vc_col-xs-12&#8243; el_class=&#8221;icon-box-move-left&#8221;][vc_column_text animation_delay=&#8221;0&#8243;]Dugogodi\u0161njim radom u segmentu graditeljstva tvrtka cvipek stekla je bogato iskustvo u izvo\u0111enju svih vrsta gra\u0111evinskih radova, posebno u niskogradnji. Stru\u010dno osposobljavanje djelatnika te neprestano pra\u0107enje trendova osigurava na\u0161im [&hellip;]<\/p>\n","protected":false},"author":1,"featured_media":0,"parent":0,"menu_order":0,"comment_status":"closed","ping_status":"closed","template":"page-vc.php","meta":{"footnotes":""},"class_list":["post-18170","page","type-page","status-publish","hentry"],"_links":{"self":[{"href":"https:\/\/cvipek.hr\/2021\/wp-json\/wp\/v2\/pages\/18170","targetHints":{"allow":["GET"]}}],"collection":[{"href":"https:\/\/cvipek.hr\/2021\/wp-json\/wp\/v2\/pages"}],"about":[{"href":"https:\/\/cvipek.hr\/2021\/wp-json\/wp\/v2\/types\/page"}],"author":[{"embeddable":true,"href":"https:\/\/cvipek.hr\/2021\/wp-json\/wp\/v2\/users\/1"}],"replies":[{"embeddable":true,"href":"https:\/\/cvipek.hr\/2021\/wp-json\/wp\/v2\/comments?post=18170"}],"version-history":[{"count":2,"href":"https:\/\/cvipek.hr\/2021\/wp-json\/wp\/v2\/pages\/18170\/revisions"}],"predecessor-version":[{"id":18192,"href":"https:\/\/cvipek.hr\/2021\/wp-json\/wp\/v2\/pages\/18170\/revisions\/18192"}],"wp:attachment":[{"href":"https:\/\/cvipek.hr\/2021\/wp-json\/wp\/v2\/media?parent=18170"}],"curies":[{"name":"wp","href":"https:\/\/api.w.org\/{rel}","templated":true}]}}